{"id":911,"date":"2023-09-22T09:36:05","date_gmt":"2023-09-22T09:36:05","guid":{"rendered":"http:\/\/talamus.biyoreaktor.com\/?page_id=911"},"modified":"2023-11-30T08:10:10","modified_gmt":"2023-11-30T08:10:10","slug":"staff","status":"publish","type":"page","link":"https:\/\/talamus.biyoreaktor.com\/tr\/staff\/","title":{"rendered":"Staff"},"content":{"rendered":"<div id=\"wp-block-themeisle-blocks-advanced-columns-0b6ebe07\" class=\"wp-block-themeisle-blocks-advanced-columns alignfull has-1-columns has-desktop-equal-layout has-tablet-equal-layout has-mobile-collapsedRows-layout has-vertical-center ticss-c00aadba\"><div class=\"wp-block-themeisle-blocks-advanced-columns-overlay\"><\/div><div class=\"innerblocks-wrap\">\n<div id=\"wp-block-themeisle-blocks-advanced-column-729b2d6b\" class=\"wp-block-themeisle-blocks-advanced-column\">\n<div id=\"wp-block-themeisle-blocks-advanced-columns-eb3232be\" class=\"wp-block-themeisle-blocks-advanced-columns has-1-columns has-desktop-equal-layout has-tablet-equal-layout has-mobile-equal-layout has-vertical-center\"><div class=\"wp-block-themeisle-blocks-advanced-columns-overlay\"><\/div><div class=\"innerblocks-wrap\">\n<div id=\"wp-block-themeisle-blocks-advanced-column-6c3ceb63\" class=\"wp-block-themeisle-blocks-advanced-column\">\n<h2 id=\"wp-block-themeisle-blocks-advanced-heading-c2b173ec\" class=\"wp-block-themeisle-blocks-advanced-heading wp-block-themeisle-blocks-advanced-heading-c2b173ec\">Our Team <\/h2>\n\n\n\n<p>The whole is much more than the sum of it&#8217;s part. Meet our team!<\/p>\n<\/div>\n<\/div><\/div>\n\n\n\n<div id=\"wp-block-themeisle-blocks-advanced-columns-3c1715b5\" class=\"wp-block-themeisle-blocks-advanced-columns has-3-columns has-desktop-equal-layout has-tablet-twoColumnGrid-layout has-mobile-collapsedRows-layout has-vertical-top\"><div class=\"wp-block-themeisle-blocks-advanced-columns-overlay\"><\/div><div class=\"innerblocks-wrap\">\n<div id=\"wp-block-themeisle-blocks-advanced-column-d4dbd21c\" class=\"wp-block-themeisle-blocks-advanced-column\">\n<figure class=\"wp-block-image size-full is-resized is-style-rounded\"><img decoding=\"async\" loading=\"lazy\" width=\"800\" height=\"800\" src=\"http:\/\/talamus.biyoreaktor.com\/wp-content\/uploads\/2023\/09\/1633461672212-2.jpeg\" alt=\"\" class=\"wp-image-918\" style=\"width:180px;height:181px\" srcset=\"https:\/\/talamus.biyoreaktor.com\/wp-content\/uploads\/2023\/09\/1633461672212-2.jpeg 800w, https:\/\/talamus.biyoreaktor.com\/wp-content\/uploads\/2023\/09\/1633461672212-2-300x300.jpeg 300w, https:\/\/talamus.biyoreaktor.com\/wp-content\/uploads\/2023\/09\/1633461672212-2-150x150.jpeg 150w, https:\/\/talamus.biyoreaktor.com\/wp-content\/uploads\/2023\/09\/1633461672212-2-768x768.jpeg 768w, https:\/\/talamus.biyoreaktor.com\/wp-content\/uploads\/2023\/09\/1633461672212-2-12x12.jpeg 12w, https:\/\/talamus.biyoreaktor.com\/wp-content\/uploads\/2023\/09\/1633461672212-2-600x600.jpeg 600w, https:\/\/talamus.biyoreaktor.com\/wp-content\/uploads\/2023\/09\/1633461672212-2-100x100.jpeg 100w\" sizes=\"(max-width: 800px) 100vw, 800px\" \/><\/figure>\n\n\n\n<h3 id=\"wp-block-themeisle-blocks-advanced-heading-a305f8e5\" class=\"wp-block-themeisle-blocks-advanced-heading wp-block-themeisle-blocks-advanced-heading-a305f8e5\">Hulki \u00d6ZEL, Dr.<\/h3>\n\n\n\n<p id=\"wp-block-themeisle-blocks-advanced-heading-cf75946b\" class=\"wp-block-themeisle-blocks-advanced-heading wp-block-themeisle-blocks-advanced-heading-cf75946b\"><strong>CTO, b\u0131oproduct\u0131on leader<\/strong><\/p>\n\n\n\n<p class=\"has-text-align-left\">Bioprocessing and bioproduction specialist since 2011. Process analytical technologies <\/p>\n\n\n\n<ul class=\"wp-block-social-links is-style-default is-layout-flex wp-block-social-links-is-layout-flex\"><li class=\"wp-social-link wp-social-link-twitter  wp-block-social-link\"><a href=\"https:\/\/#\" class=\"wp-block-social-link-anchor\"><svg width=\"24\" height=\"24\" viewbox=\"0 0 24 24\" version=\"1.1\" xmlns=\"http:\/\/www.w3.org\/2000\/svg\" aria-hidden=\"true\" focusable=\"false\"><path d=\"M22.23,5.924c-0.736,0.326-1.527,0.547-2.357,0.646c0.847-0.508,1.498-1.312,1.804-2.27 c-0.793,0.47-1.671,0.812-2.606,0.996C18.324,4.498,17.257,4,16.077,4c-2.266,0-4.103,1.837-4.103,4.103 c0,0.322,0.036,0.635,0.106,0.935C8.67,8.867,5.647,7.234,3.623,4.751C3.27,5.357,3.067,6.062,3.067,6.814 c0,1.424,0.724,2.679,1.825,3.415c-0.673-0.021-1.305-0.206-1.859-0.513c0,0.017,0,0.034,0,0.052c0,1.988,1.414,3.647,3.292,4.023 c-0.344,0.094-0.707,0.144-1.081,0.144c-0.264,0-0.521-0.026-0.772-0.074c0.522,1.63,2.038,2.816,3.833,2.85 c-1.404,1.1-3.174,1.756-5.096,1.756c-0.331,0-0.658-0.019-0.979-0.057c1.816,1.164,3.973,1.843,6.29,1.843 c7.547,0,11.675-6.252,11.675-11.675c0-0.178-0.004-0.355-0.012-0.531C20.985,7.47,21.68,6.747,22.23,5.924z\"><\/path><\/svg><span class=\"wp-block-social-link-label screen-reader-text\">Twitter<\/span><\/a><\/li>\n\n<li class=\"wp-social-link wp-social-link-linkedin  wp-block-social-link\"><a href=\"https:\/\/#\" class=\"wp-block-social-link-anchor\"><svg width=\"24\" height=\"24\" viewbox=\"0 0 24 24\" version=\"1.1\" xmlns=\"http:\/\/www.w3.org\/2000\/svg\" aria-hidden=\"true\" focusable=\"false\"><path d=\"M19.7,3H4.3C3.582,3,3,3.582,3,4.3v15.4C3,20.418,3.582,21,4.3,21h15.4c0.718,0,1.3-0.582,1.3-1.3V4.3 C21,3.582,20.418,3,19.7,3z M8.339,18.338H5.667v-8.59h2.672V18.338z M7.004,8.574c-0.857,0-1.549-0.694-1.549-1.548 c0-0.855,0.691-1.548,1.549-1.548c0.854,0,1.547,0.694,1.547,1.548C8.551,7.881,7.858,8.574,7.004,8.574z M18.339,18.338h-2.669 v-4.177c0-0.996-0.017-2.278-1.387-2.278c-1.389,0-1.601,1.086-1.601,2.206v4.249h-2.667v-8.59h2.559v1.174h0.037 c0.356-0.675,1.227-1.387,2.526-1.387c2.703,0,3.203,1.779,3.203,4.092V18.338z\"><\/path><\/svg><span class=\"wp-block-social-link-label screen-reader-text\">LinkedIn<\/span><\/a><\/li><\/ul>\n<\/div>\n\n\n\n<div id=\"wp-block-themeisle-blocks-advanced-column-39489703\" class=\"wp-block-themeisle-blocks-advanced-column\">\n<figure class=\"wp-block-image size-full is-resized is-style-rounded\"><img decoding=\"async\" loading=\"lazy\" width=\"800\" height=\"800\" src=\"http:\/\/talamus.biyoreaktor.com\/wp-content\/uploads\/2023\/09\/ferhat.jpeg\" alt=\"\" class=\"wp-image-919\" style=\"width:180px;height:181px\" srcset=\"https:\/\/talamus.biyoreaktor.com\/wp-content\/uploads\/2023\/09\/ferhat.jpeg 800w, https:\/\/talamus.biyoreaktor.com\/wp-content\/uploads\/2023\/09\/ferhat-300x300.jpeg 300w, https:\/\/talamus.biyoreaktor.com\/wp-content\/uploads\/2023\/09\/ferhat-150x150.jpeg 150w, https:\/\/talamus.biyoreaktor.com\/wp-content\/uploads\/2023\/09\/ferhat-768x768.jpeg 768w, https:\/\/talamus.biyoreaktor.com\/wp-content\/uploads\/2023\/09\/ferhat-12x12.jpeg 12w, https:\/\/talamus.biyoreaktor.com\/wp-content\/uploads\/2023\/09\/ferhat-600x600.jpeg 600w, https:\/\/talamus.biyoreaktor.com\/wp-content\/uploads\/2023\/09\/ferhat-100x100.jpeg 100w\" sizes=\"(max-width: 800px) 100vw, 800px\" \/><\/figure>\n\n\n\n<h3 id=\"wp-block-themeisle-blocks-advanced-heading-29d377fe\" class=\"wp-block-themeisle-blocks-advanced-heading wp-block-themeisle-blocks-advanced-heading-29d377fe\">Ferhat \u00c7E\u011e\u0130L<\/h3>\n\n\n\n<p id=\"wp-block-themeisle-blocks-advanced-heading-51b55600\" class=\"wp-block-themeisle-blocks-advanced-heading wp-block-themeisle-blocks-advanced-heading-51b55600\"><strong>MEchan\u0131cal project leader<\/strong><\/p>\n\n\n\n<p class=\"has-text-align-left\">Mechanical production specialist for 10 years.<\/p>\n\n\n\n<ul class=\"wp-block-social-links is-style-default is-layout-flex wp-block-social-links-is-layout-flex\"><li class=\"wp-social-link wp-social-link-twitter  wp-block-social-link\"><a href=\"https:\/\/#\" class=\"wp-block-social-link-anchor\"><svg width=\"24\" height=\"24\" viewbox=\"0 0 24 24\" version=\"1.1\" xmlns=\"http:\/\/www.w3.org\/2000\/svg\" aria-hidden=\"true\" focusable=\"false\"><path d=\"M22.23,5.924c-0.736,0.326-1.527,0.547-2.357,0.646c0.847-0.508,1.498-1.312,1.804-2.27 c-0.793,0.47-1.671,0.812-2.606,0.996C18.324,4.498,17.257,4,16.077,4c-2.266,0-4.103,1.837-4.103,4.103 c0,0.322,0.036,0.635,0.106,0.935C8.67,8.867,5.647,7.234,3.623,4.751C3.27,5.357,3.067,6.062,3.067,6.814 c0,1.424,0.724,2.679,1.825,3.415c-0.673-0.021-1.305-0.206-1.859-0.513c0,0.017,0,0.034,0,0.052c0,1.988,1.414,3.647,3.292,4.023 c-0.344,0.094-0.707,0.144-1.081,0.144c-0.264,0-0.521-0.026-0.772-0.074c0.522,1.63,2.038,2.816,3.833,2.85 c-1.404,1.1-3.174,1.756-5.096,1.756c-0.331,0-0.658-0.019-0.979-0.057c1.816,1.164,3.973,1.843,6.29,1.843 c7.547,0,11.675-6.252,11.675-11.675c0-0.178-0.004-0.355-0.012-0.531C20.985,7.47,21.68,6.747,22.23,5.924z\"><\/path><\/svg><span class=\"wp-block-social-link-label screen-reader-text\">Twitter<\/span><\/a><\/li>\n\n<li class=\"wp-social-link wp-social-link-linkedin  wp-block-social-link\"><a href=\"https:\/\/#\" class=\"wp-block-social-link-anchor\"><svg width=\"24\" height=\"24\" viewbox=\"0 0 24 24\" version=\"1.1\" xmlns=\"http:\/\/www.w3.org\/2000\/svg\" aria-hidden=\"true\" focusable=\"false\"><path d=\"M19.7,3H4.3C3.582,3,3,3.582,3,4.3v15.4C3,20.418,3.582,21,4.3,21h15.4c0.718,0,1.3-0.582,1.3-1.3V4.3 C21,3.582,20.418,3,19.7,3z M8.339,18.338H5.667v-8.59h2.672V18.338z M7.004,8.574c-0.857,0-1.549-0.694-1.549-1.548 c0-0.855,0.691-1.548,1.549-1.548c0.854,0,1.547,0.694,1.547,1.548C8.551,7.881,7.858,8.574,7.004,8.574z M18.339,18.338h-2.669 v-4.177c0-0.996-0.017-2.278-1.387-2.278c-1.389,0-1.601,1.086-1.601,2.206v4.249h-2.667v-8.59h2.559v1.174h0.037 c0.356-0.675,1.227-1.387,2.526-1.387c2.703,0,3.203,1.779,3.203,4.092V18.338z\"><\/path><\/svg><span class=\"wp-block-social-link-label screen-reader-text\">LinkedIn<\/span><\/a><\/li><\/ul>\n<\/div>\n\n\n\n<div id=\"wp-block-themeisle-blocks-advanced-column-a01c4baf\" class=\"wp-block-themeisle-blocks-advanced-column\">\n<figure class=\"wp-block-image size-full is-resized is-style-rounded\"><img decoding=\"async\" loading=\"lazy\" width=\"313\" height=\"313\" src=\"http:\/\/talamus.biyoreaktor.com\/wp-content\/uploads\/2023\/09\/yusuf.jpeg\" alt=\"\" class=\"wp-image-931\" style=\"width:180px;height:181px\" srcset=\"https:\/\/talamus.biyoreaktor.com\/wp-content\/uploads\/2023\/09\/yusuf.jpeg 313w, https:\/\/talamus.biyoreaktor.com\/wp-content\/uploads\/2023\/09\/yusuf-300x300.jpeg 300w, https:\/\/talamus.biyoreaktor.com\/wp-content\/uploads\/2023\/09\/yusuf-150x150.jpeg 150w, https:\/\/talamus.biyoreaktor.com\/wp-content\/uploads\/2023\/09\/yusuf-12x12.jpeg 12w, https:\/\/talamus.biyoreaktor.com\/wp-content\/uploads\/2023\/09\/yusuf-100x100.jpeg 100w\" sizes=\"(max-width: 313px) 100vw, 313px\" \/><\/figure>\n\n\n\n<h3 id=\"wp-block-themeisle-blocks-advanced-heading-f97ebcab\" class=\"wp-block-themeisle-blocks-advanced-heading wp-block-themeisle-blocks-advanced-heading-f97ebcab\">Yusuf BAYLAV<\/h3>\n\n\n\n<p id=\"wp-block-themeisle-blocks-advanced-heading-fefda7e3\" class=\"wp-block-themeisle-blocks-advanced-heading wp-block-themeisle-blocks-advanced-heading-fefda7e3\"><strong>software dev. leader, digital tw\u0131n consultant<\/strong><\/p>\n\n\n\n<p class=\"has-text-align-left\">Software Engineer, Solution Architect  <\/p>\n\n\n\n<ul class=\"wp-block-social-links is-style-default is-layout-flex wp-block-social-links-is-layout-flex\"><li class=\"wp-social-link wp-social-link-twitter  wp-block-social-link\"><a href=\"https:\/\/#\" class=\"wp-block-social-link-anchor\"><svg width=\"24\" height=\"24\" viewbox=\"0 0 24 24\" version=\"1.1\" xmlns=\"http:\/\/www.w3.org\/2000\/svg\" aria-hidden=\"true\" focusable=\"false\"><path d=\"M22.23,5.924c-0.736,0.326-1.527,0.547-2.357,0.646c0.847-0.508,1.498-1.312,1.804-2.27 c-0.793,0.47-1.671,0.812-2.606,0.996C18.324,4.498,17.257,4,16.077,4c-2.266,0-4.103,1.837-4.103,4.103 c0,0.322,0.036,0.635,0.106,0.935C8.67,8.867,5.647,7.234,3.623,4.751C3.27,5.357,3.067,6.062,3.067,6.814 c0,1.424,0.724,2.679,1.825,3.415c-0.673-0.021-1.305-0.206-1.859-0.513c0,0.017,0,0.034,0,0.052c0,1.988,1.414,3.647,3.292,4.023 c-0.344,0.094-0.707,0.144-1.081,0.144c-0.264,0-0.521-0.026-0.772-0.074c0.522,1.63,2.038,2.816,3.833,2.85 c-1.404,1.1-3.174,1.756-5.096,1.756c-0.331,0-0.658-0.019-0.979-0.057c1.816,1.164,3.973,1.843,6.29,1.843 c7.547,0,11.675-6.252,11.675-11.675c0-0.178-0.004-0.355-0.012-0.531C20.985,7.47,21.68,6.747,22.23,5.924z\"><\/path><\/svg><span class=\"wp-block-social-link-label screen-reader-text\">Twitter<\/span><\/a><\/li>\n\n<li class=\"wp-social-link wp-social-link-linkedin  wp-block-social-link\"><a href=\"https:\/\/#\" class=\"wp-block-social-link-anchor\"><svg width=\"24\" height=\"24\" viewbox=\"0 0 24 24\" version=\"1.1\" xmlns=\"http:\/\/www.w3.org\/2000\/svg\" aria-hidden=\"true\" focusable=\"false\"><path d=\"M19.7,3H4.3C3.582,3,3,3.582,3,4.3v15.4C3,20.418,3.582,21,4.3,21h15.4c0.718,0,1.3-0.582,1.3-1.3V4.3 C21,3.582,20.418,3,19.7,3z M8.339,18.338H5.667v-8.59h2.672V18.338z M7.004,8.574c-0.857,0-1.549-0.694-1.549-1.548 c0-0.855,0.691-1.548,1.549-1.548c0.854,0,1.547,0.694,1.547,1.548C8.551,7.881,7.858,8.574,7.004,8.574z M18.339,18.338h-2.669 v-4.177c0-0.996-0.017-2.278-1.387-2.278c-1.389,0-1.601,1.086-1.601,2.206v4.249h-2.667v-8.59h2.559v1.174h0.037 c0.356-0.675,1.227-1.387,2.526-1.387c2.703,0,3.203,1.779,3.203,4.092V18.338z\"><\/path><\/svg><span class=\"wp-block-social-link-label screen-reader-text\">LinkedIn<\/span><\/a><\/li><\/ul>\n<\/div>\n<\/div><\/div>\n<\/div>\n<\/div><\/div>\n\n\n\n<div id=\"wp-block-themeisle-blocks-advanced-columns-d87d87fb\" class=\"wp-block-themeisle-blocks-advanced-columns alignfull has-1-columns has-desktop-equal-layout has-tablet-equal-layout has-mobile-collapsedRows-layout has-vertical-center ticss-c00aadba\"><div class=\"wp-block-themeisle-blocks-advanced-columns-overlay\"><\/div><div class=\"innerblocks-wrap\">\n<div id=\"wp-block-themeisle-blocks-advanced-column-60dad16e\" class=\"wp-block-themeisle-blocks-advanced-column\">\n<div id=\"wp-block-themeisle-blocks-advanced-columns-d2e20cf0\" class=\"wp-block-themeisle-blocks-advanced-columns has-1-columns has-desktop-equal-layout has-tablet-equal-layout has-mobile-equal-layout has-vertical-center\"><div class=\"wp-block-themeisle-blocks-advanced-columns-overlay\"><\/div><div class=\"innerblocks-wrap\">\n<div id=\"wp-block-themeisle-blocks-advanced-column-05d18d48\" class=\"wp-block-themeisle-blocks-advanced-column\">\n<h2 id=\"wp-block-themeisle-blocks-advanced-heading-a0f1691e\" class=\"wp-block-themeisle-blocks-advanced-heading wp-block-themeisle-blocks-advanced-heading-a0f1691e\">Academic Advisory Board<\/h2>\n\n\n\n<p>Talamus Bioreactor Systems,  <\/p>\n<\/div>\n<\/div><\/div>\n\n\n\n<div id=\"wp-block-themeisle-blocks-advanced-columns-be71e345\" class=\"wp-block-themeisle-blocks-advanced-columns has-4-columns has-desktop-equal-layout has-tablet-twoColumnGrid-layout has-mobile-collapsedRows-layout has-vertical-top\"><div class=\"wp-block-themeisle-blocks-advanced-columns-overlay\"><\/div><div class=\"innerblocks-wrap\">\n<div id=\"wp-block-themeisle-blocks-advanced-column-e373838a\" class=\"wp-block-themeisle-blocks-advanced-column\">\n<figure class=\"wp-block-image size-full is-resized is-style-rounded\"><img decoding=\"async\" loading=\"lazy\" width=\"1002\" height=\"1024\" src=\"http:\/\/talamus.biyoreaktor.com\/wp-content\/uploads\/2023\/09\/WhatsApp-Image-2023-09-25-at-16.26.01.jpeg\" alt=\"\" class=\"wp-image-940\" style=\"width:180px;height:181px\" srcset=\"https:\/\/talamus.biyoreaktor.com\/wp-content\/uploads\/2023\/09\/WhatsApp-Image-2023-09-25-at-16.26.01.jpeg 1002w, https:\/\/talamus.biyoreaktor.com\/wp-content\/uploads\/2023\/09\/WhatsApp-Image-2023-09-25-at-16.26.01-294x300.jpeg 294w, https:\/\/talamus.biyoreaktor.com\/wp-content\/uploads\/2023\/09\/WhatsApp-Image-2023-09-25-at-16.26.01-768x785.jpeg 768w, https:\/\/talamus.biyoreaktor.com\/wp-content\/uploads\/2023\/09\/WhatsApp-Image-2023-09-25-at-16.26.01-12x12.jpeg 12w, https:\/\/talamus.biyoreaktor.com\/wp-content\/uploads\/2023\/09\/WhatsApp-Image-2023-09-25-at-16.26.01-600x613.jpeg 600w\" sizes=\"(max-width: 1002px) 100vw, 1002px\" \/><\/figure>\n\n\n\n<h5 id=\"wp-block-themeisle-blocks-advanced-heading-a0f377e3\" class=\"wp-block-themeisle-blocks-advanced-heading wp-block-themeisle-blocks-advanced-heading-a0f377e3\">Murat EL\u0130BOL, Prof. Dr. <\/h5>\n\n\n\n<p id=\"wp-block-themeisle-blocks-advanced-heading-22009bd8\" class=\"wp-block-themeisle-blocks-advanced-heading wp-block-themeisle-blocks-advanced-heading-22009bd8\"><strong>Chief Adv\u0131sor<\/strong><\/p>\n\n\n\n<p class=\"has-text-align-left\">Ege University, Bioengineering<\/p>\n\n\n\n<ul class=\"wp-block-social-links is-style-default is-layout-flex wp-block-social-links-is-layout-flex\"><li class=\"wp-social-link wp-social-link-linkedin  wp-block-social-link\"><a href=\"https:\/\/#\" class=\"wp-block-social-link-anchor\"><svg width=\"24\" height=\"24\" viewbox=\"0 0 24 24\" version=\"1.1\" xmlns=\"http:\/\/www.w3.org\/2000\/svg\" aria-hidden=\"true\" focusable=\"false\"><path d=\"M19.7,3H4.3C3.582,3,3,3.582,3,4.3v15.4C3,20.418,3.582,21,4.3,21h15.4c0.718,0,1.3-0.582,1.3-1.3V4.3 C21,3.582,20.418,3,19.7,3z M8.339,18.338H5.667v-8.59h2.672V18.338z M7.004,8.574c-0.857,0-1.549-0.694-1.549-1.548 c0-0.855,0.691-1.548,1.549-1.548c0.854,0,1.547,0.694,1.547,1.548C8.551,7.881,7.858,8.574,7.004,8.574z M18.339,18.338h-2.669 v-4.177c0-0.996-0.017-2.278-1.387-2.278c-1.389,0-1.601,1.086-1.601,2.206v4.249h-2.667v-8.59h2.559v1.174h0.037 c0.356-0.675,1.227-1.387,2.526-1.387c2.703,0,3.203,1.779,3.203,4.092V18.338z\"><\/path><\/svg><span class=\"wp-block-social-link-label screen-reader-text\">LinkedIn<\/span><\/a><\/li><\/ul>\n<\/div>\n\n\n\n<div id=\"wp-block-themeisle-blocks-advanced-column-956fcf84\" class=\"wp-block-themeisle-blocks-advanced-column\">\n<figure class=\"wp-block-image size-full is-resized is-style-rounded\"><img decoding=\"async\" loading=\"lazy\" width=\"512\" height=\"512\" src=\"http:\/\/talamus.biyoreaktor.com\/wp-content\/uploads\/2023\/09\/Ali-Oguz-Buyukkileci.jpeg\" alt=\"\" class=\"wp-image-917\" style=\"width:180px;height:181px\" srcset=\"https:\/\/talamus.biyoreaktor.com\/wp-content\/uploads\/2023\/09\/Ali-Oguz-Buyukkileci.jpeg 512w, https:\/\/talamus.biyoreaktor.com\/wp-content\/uploads\/2023\/09\/Ali-Oguz-Buyukkileci-300x300.jpeg 300w, https:\/\/talamus.biyoreaktor.com\/wp-content\/uploads\/2023\/09\/Ali-Oguz-Buyukkileci-150x150.jpeg 150w, https:\/\/talamus.biyoreaktor.com\/wp-content\/uploads\/2023\/09\/Ali-Oguz-Buyukkileci-12x12.jpeg 12w, https:\/\/talamus.biyoreaktor.com\/wp-content\/uploads\/2023\/09\/Ali-Oguz-Buyukkileci-100x100.jpeg 100w\" sizes=\"(max-width: 512px) 100vw, 512px\" \/><\/figure>\n\n\n\n<h5 id=\"wp-block-themeisle-blocks-advanced-heading-16fc6df3\" class=\"wp-block-themeisle-blocks-advanced-heading wp-block-themeisle-blocks-advanced-heading-16fc6df3\">Ali O\u011fuz B\u00dcY\u00dcKK\u0130LEC\u0130, Assoc. Prof. Dr.<\/h5>\n\n\n\n<p id=\"wp-block-themeisle-blocks-advanced-heading-1c8a5fcf\" class=\"wp-block-themeisle-blocks-advanced-heading wp-block-themeisle-blocks-advanced-heading-1c8a5fcf\"><strong>b\u0131oproduct\u0131on adv\u0131sor<\/strong><\/p>\n\n\n\n<p class=\"has-text-align-left\">IYTE, Food Engineering<\/p>\n\n\n\n<ul class=\"wp-block-social-links is-style-default is-layout-flex wp-block-social-links-is-layout-flex\"><li class=\"wp-social-link wp-social-link-linkedin  wp-block-social-link\"><a href=\"https:\/\/#\" class=\"wp-block-social-link-anchor\"><svg width=\"24\" height=\"24\" viewbox=\"0 0 24 24\" version=\"1.1\" xmlns=\"http:\/\/www.w3.org\/2000\/svg\" aria-hidden=\"true\" focusable=\"false\"><path d=\"M19.7,3H4.3C3.582,3,3,3.582,3,4.3v15.4C3,20.418,3.582,21,4.3,21h15.4c0.718,0,1.3-0.582,1.3-1.3V4.3 C21,3.582,20.418,3,19.7,3z M8.339,18.338H5.667v-8.59h2.672V18.338z M7.004,8.574c-0.857,0-1.549-0.694-1.549-1.548 c0-0.855,0.691-1.548,1.549-1.548c0.854,0,1.547,0.694,1.547,1.548C8.551,7.881,7.858,8.574,7.004,8.574z M18.339,18.338h-2.669 v-4.177c0-0.996-0.017-2.278-1.387-2.278c-1.389,0-1.601,1.086-1.601,2.206v4.249h-2.667v-8.59h2.559v1.174h0.037 c0.356-0.675,1.227-1.387,2.526-1.387c2.703,0,3.203,1.779,3.203,4.092V18.338z\"><\/path><\/svg><span class=\"wp-block-social-link-label screen-reader-text\">LinkedIn<\/span><\/a><\/li><\/ul>\n<\/div>\n\n\n\n<div id=\"wp-block-themeisle-blocks-advanced-column-7e32a82b\" class=\"wp-block-themeisle-blocks-advanced-column\">\n<figure class=\"wp-block-image size-full is-resized is-style-rounded\"><img decoding=\"async\" loading=\"lazy\" width=\"800\" height=\"800\" src=\"http:\/\/talamus.biyoreaktor.com\/wp-content\/uploads\/2023\/09\/1634763539737-1.jpeg\" alt=\"\" class=\"wp-image-915\" style=\"width:180px;height:181px\" srcset=\"https:\/\/talamus.biyoreaktor.com\/wp-content\/uploads\/2023\/09\/1634763539737-1.jpeg 800w, https:\/\/talamus.biyoreaktor.com\/wp-content\/uploads\/2023\/09\/1634763539737-1-300x300.jpeg 300w, https:\/\/talamus.biyoreaktor.com\/wp-content\/uploads\/2023\/09\/1634763539737-1-150x150.jpeg 150w, https:\/\/talamus.biyoreaktor.com\/wp-content\/uploads\/2023\/09\/1634763539737-1-768x768.jpeg 768w, https:\/\/talamus.biyoreaktor.com\/wp-content\/uploads\/2023\/09\/1634763539737-1-12x12.jpeg 12w, https:\/\/talamus.biyoreaktor.com\/wp-content\/uploads\/2023\/09\/1634763539737-1-600x600.jpeg 600w, https:\/\/talamus.biyoreaktor.com\/wp-content\/uploads\/2023\/09\/1634763539737-1-100x100.jpeg 100w\" sizes=\"(max-width: 800px) 100vw, 800px\" \/><\/figure>\n\n\n\n<h5 id=\"wp-block-themeisle-blocks-advanced-heading-5cdd08a0\" class=\"wp-block-themeisle-blocks-advanced-heading wp-block-themeisle-blocks-advanced-heading-5cdd08a0\">H. Fehmi \u00d6ZEL, Dr. <\/h5>\n\n\n\n<p id=\"wp-block-themeisle-blocks-advanced-heading-a4688a0d\" class=\"wp-block-themeisle-blocks-advanced-heading wp-block-themeisle-blocks-advanced-heading-a4688a0d\"><strong>technical adv\u0131sor<\/strong><\/p>\n\n\n\n<p class=\"has-text-align-left\">MCBU, Physiology, Physicist<\/p>\n\n\n\n<ul class=\"wp-block-social-links is-style-default is-layout-flex wp-block-social-links-is-layout-flex\"><li class=\"wp-social-link wp-social-link-linkedin  wp-block-social-link\"><a href=\"https:\/\/#\" class=\"wp-block-social-link-anchor\"><svg width=\"24\" height=\"24\" viewbox=\"0 0 24 24\" version=\"1.1\" xmlns=\"http:\/\/www.w3.org\/2000\/svg\" aria-hidden=\"true\" focusable=\"false\"><path d=\"M19.7,3H4.3C3.582,3,3,3.582,3,4.3v15.4C3,20.418,3.582,21,4.3,21h15.4c0.718,0,1.3-0.582,1.3-1.3V4.3 C21,3.582,20.418,3,19.7,3z M8.339,18.338H5.667v-8.59h2.672V18.338z M7.004,8.574c-0.857,0-1.549-0.694-1.549-1.548 c0-0.855,0.691-1.548,1.549-1.548c0.854,0,1.547,0.694,1.547,1.548C8.551,7.881,7.858,8.574,7.004,8.574z M18.339,18.338h-2.669 v-4.177c0-0.996-0.017-2.278-1.387-2.278c-1.389,0-1.601,1.086-1.601,2.206v4.249h-2.667v-8.59h2.559v1.174h0.037 c0.356-0.675,1.227-1.387,2.526-1.387c2.703,0,3.203,1.779,3.203,4.092V18.338z\"><\/path><\/svg><span class=\"wp-block-social-link-label screen-reader-text\">LinkedIn<\/span><\/a><\/li><\/ul>\n<\/div>\n\n\n\n<div id=\"wp-block-themeisle-blocks-advanced-column-47c7b5bd\" class=\"wp-block-themeisle-blocks-advanced-column\">\n<figure class=\"wp-block-image size-full is-resized is-style-rounded\"><img decoding=\"async\" loading=\"lazy\" width=\"800\" height=\"800\" src=\"http:\/\/talamus.biyoreaktor.com\/wp-content\/uploads\/2023\/09\/1634850298292.jpeg\" alt=\"\" class=\"wp-image-916\" style=\"width:180px;height:181px\" srcset=\"https:\/\/talamus.biyoreaktor.com\/wp-content\/uploads\/2023\/09\/1634850298292.jpeg 800w, https:\/\/talamus.biyoreaktor.com\/wp-content\/uploads\/2023\/09\/1634850298292-300x300.jpeg 300w, https:\/\/talamus.biyoreaktor.com\/wp-content\/uploads\/2023\/09\/1634850298292-150x150.jpeg 150w, https:\/\/talamus.biyoreaktor.com\/wp-content\/uploads\/2023\/09\/1634850298292-768x768.jpeg 768w, https:\/\/talamus.biyoreaktor.com\/wp-content\/uploads\/2023\/09\/1634850298292-12x12.jpeg 12w, https:\/\/talamus.biyoreaktor.com\/wp-content\/uploads\/2023\/09\/1634850298292-600x600.jpeg 600w, https:\/\/talamus.biyoreaktor.com\/wp-content\/uploads\/2023\/09\/1634850298292-100x100.jpeg 100w\" sizes=\"(max-width: 800px) 100vw, 800px\" \/><\/figure>\n\n\n\n<h5 id=\"wp-block-themeisle-blocks-advanced-heading-d67c0dbf\" class=\"wp-block-themeisle-blocks-advanced-heading wp-block-themeisle-blocks-advanced-heading-d67c0dbf\">Hasan KAZDA\u011eLI, Dr. <\/h5>\n\n\n\n<p id=\"wp-block-themeisle-blocks-advanced-heading-ab27dee0\" class=\"wp-block-themeisle-blocks-advanced-heading wp-block-themeisle-blocks-advanced-heading-ab27dee0\"><strong>sc\u0131ent\u0131f\u0131c comm.  adv\u0131sor<\/strong><\/p>\n\n\n\n<p class=\"has-text-align-left\">IEU, Physiology, Physicist<\/p>\n\n\n\n<ul class=\"wp-block-social-links is-style-default is-layout-flex wp-block-social-links-is-layout-flex\"><li class=\"wp-social-link wp-social-link-linkedin  wp-block-social-link\"><a href=\"https:\/\/#\" class=\"wp-block-social-link-anchor\"><svg width=\"24\" height=\"24\" viewbox=\"0 0 24 24\" version=\"1.1\" xmlns=\"http:\/\/www.w3.org\/2000\/svg\" aria-hidden=\"true\" focusable=\"false\"><path d=\"M19.7,3H4.3C3.582,3,3,3.582,3,4.3v15.4C3,20.418,3.582,21,4.3,21h15.4c0.718,0,1.3-0.582,1.3-1.3V4.3 C21,3.582,20.418,3,19.7,3z M8.339,18.338H5.667v-8.59h2.672V18.338z M7.004,8.574c-0.857,0-1.549-0.694-1.549-1.548 c0-0.855,0.691-1.548,1.549-1.548c0.854,0,1.547,0.694,1.547,1.548C8.551,7.881,7.858,8.574,7.004,8.574z M18.339,18.338h-2.669 v-4.177c0-0.996-0.017-2.278-1.387-2.278c-1.389,0-1.601,1.086-1.601,2.206v4.249h-2.667v-8.59h2.559v1.174h0.037 c0.356-0.675,1.227-1.387,2.526-1.387c2.703,0,3.203,1.779,3.203,4.092V18.338z\"><\/path><\/svg><span class=\"wp-block-social-link-label screen-reader-text\">LinkedIn<\/span><\/a><\/li><\/ul>\n<\/div>\n<\/div><\/div>\n<\/div>\n<\/div><\/div>","protected":false},"excerpt":{"rendered":"","protected":false},"author":1,"featured_media":0,"parent":0,"menu_order":0,"comment_status":"closed","ping_status":"closed","template":"","meta":{"neve_meta_sidebar":"","neve_meta_container":"","neve_meta_enable_content_width":"","neve_meta_content_width":0,"neve_meta_title_alignment":"","neve_meta_author_avatar":"","neve_post_elements_order":"","neve_meta_disable_header":"","neve_meta_disable_footer":"","neve_meta_disable_title":"","_themeisle_gutenberg_block_has_review":false,"_ti_tpc_template_sync":false,"_ti_tpc_template_id":"","footnotes":""},"_links":{"self":[{"href":"https:\/\/talamus.biyoreaktor.com\/tr\/wp-json\/wp\/v2\/pages\/911"}],"collection":[{"href":"https:\/\/talamus.biyoreaktor.com\/tr\/wp-json\/wp\/v2\/pages"}],"about":[{"href":"https:\/\/talamus.biyoreaktor.com\/tr\/wp-json\/wp\/v2\/types\/page"}],"author":[{"embeddable":true,"href":"https:\/\/talamus.biyoreaktor.com\/tr\/wp-json\/wp\/v2\/users\/1"}],"replies":[{"embeddable":true,"href":"https:\/\/talamus.biyoreaktor.com\/tr\/wp-json\/wp\/v2\/comments?post=911"}],"version-history":[{"count":12,"href":"https:\/\/talamus.biyoreaktor.com\/tr\/wp-json\/wp\/v2\/pages\/911\/revisions"}],"predecessor-version":[{"id":981,"href":"https:\/\/talamus.biyoreaktor.com\/tr\/wp-json\/wp\/v2\/pages\/911\/revisions\/981"}],"wp:attachment":[{"href":"https:\/\/talamus.biyoreaktor.com\/tr\/wp-json\/wp\/v2\/media?parent=911"}],"curies":[{"name":"wp","href":"https:\/\/api.w.org\/{rel}","templated":true}]}}