{"id":46,"date":"2021-02-16T11:44:42","date_gmt":"2021-02-16T11:44:42","guid":{"rendered":"https:\/\/demosites.io\/neve-3\/?page_id=46"},"modified":"2023-09-26T10:06:20","modified_gmt":"2023-09-26T10:06:20","slug":"7b3c2-homepage","status":"publish","type":"page","link":"https:\/\/talamus.biyoreaktor.com\/tr\/","title":{"rendered":"Homepage"},"content":{"rendered":"<div class=\"wp-block-cover alignfull\" style=\"min-height:600px\"><span aria-hidden=\"true\" class=\"wp-block-cover__background has-background-dim-60 has-background-dim wp-block-cover__gradient-background has-background-gradient\" style=\"background:linear-gradient(135deg,rgb(10,10,19) 0%,rgb(40,116,252) 100%)\"><\/span><img decoding=\"async\" loading=\"lazy\" width=\"1898\" height=\"749\" class=\"wp-block-cover__image-background wp-image-951\" alt=\"\" src=\"http:\/\/talamus.biyoreaktor.com\/wp-content\/uploads\/2023\/09\/banner2.jpg\" data-object-fit=\"cover\" srcset=\"https:\/\/talamus.biyoreaktor.com\/wp-content\/uploads\/2023\/09\/banner2.jpg 1898w, https:\/\/talamus.biyoreaktor.com\/wp-content\/uploads\/2023\/09\/banner2-300x118.jpg 300w, https:\/\/talamus.biyoreaktor.com\/wp-content\/uploads\/2023\/09\/banner2-1024x404.jpg 1024w, https:\/\/talamus.biyoreaktor.com\/wp-content\/uploads\/2023\/09\/banner2-768x303.jpg 768w, https:\/\/talamus.biyoreaktor.com\/wp-content\/uploads\/2023\/09\/banner2-1536x606.jpg 1536w, https:\/\/talamus.biyoreaktor.com\/wp-content\/uploads\/2023\/09\/banner2-18x7.jpg 18w, https:\/\/talamus.biyoreaktor.com\/wp-content\/uploads\/2023\/09\/banner2-600x237.jpg 600w\" sizes=\"(max-width: 1898px) 100vw, 1898px\" \/><div class=\"wp-block-cover__inner-container is-layout-flow wp-block-cover-is-layout-flow\">\n<div style=\"height:40px\" aria-hidden=\"true\" class=\"wp-block-spacer\"><\/div>\n\n\n\n<h1 class=\"wp-block-heading has-text-align-left\" style=\"font-size:56px\">G\u0131da ve Tar\u0131m Biyoteknolojisine Y\u00f6nelik Kapsaml\u0131 \u00c7\u00f6z\u00fcmler<\/h1>\n\n\n\n<div class=\"wp-block-columns are-vertically-aligned-center is-layout-flex wp-container-4 wp-block-columns-is-layout-flex\">\n<div class=\"wp-block-column is-vertically-aligned-center is-layout-flow wp-block-column-is-layout-flow\" style=\"flex-basis:100%\">\n<p class=\"has-text-align-left\" style=\"font-size:1.125em\">Kavramsal tasar\u0131mdan son \u00fcr\u00fcne kadar t\u00fcm s\u00fcre\u00e7lerde tam destek<\/p>\n\n\n\n<div class=\"wp-block-buttons is-layout-flex wp-block-buttons-is-layout-flex\">\n<div class=\"wp-block-button is-style-primary\"><a class=\"wp-block-button__link wp-element-button\">More<\/a><\/div>\n<\/div>\n<\/div>\n\n\n\n<div class=\"wp-block-column is-vertically-aligned-center is-layout-flow wp-block-column-is-layout-flow\" style=\"flex-basis:30%\">\n<p><\/p>\n<\/div>\n<\/div>\n\n\n\n<div style=\"height:40px\" aria-hidden=\"true\" class=\"wp-block-spacer\"><\/div>\n<\/div><\/div>\n\n\n\n<div style=\"height:40px\" aria-hidden=\"true\" class=\"wp-block-spacer\"><\/div>\n\n\n\n<div class=\"wp-block-columns is-layout-flex wp-container-9 wp-block-columns-is-layout-flex\">\n<div class=\"wp-block-column is-vertically-aligned-center is-layout-flow wp-block-column-is-layout-flow\"><div class=\"wp-block-image\">\n<figure class=\"aligncenter size-full\"><img decoding=\"async\" loading=\"lazy\" width=\"800\" height=\"798\" src=\"http:\/\/talamus.biyoreaktor.com\/wp-content\/uploads\/2023\/09\/conceptdesign1.jpg\" alt=\"\" class=\"wp-image-779\" srcset=\"https:\/\/talamus.biyoreaktor.com\/wp-content\/uploads\/2023\/09\/conceptdesign1.jpg 800w, https:\/\/talamus.biyoreaktor.com\/wp-content\/uploads\/2023\/09\/conceptdesign1-300x300.jpg 300w, https:\/\/talamus.biyoreaktor.com\/wp-content\/uploads\/2023\/09\/conceptdesign1-150x150.jpg 150w, https:\/\/talamus.biyoreaktor.com\/wp-content\/uploads\/2023\/09\/conceptdesign1-768x766.jpg 768w\" sizes=\"(max-width: 800px) 100vw, 800px\" \/><\/figure><\/div><\/div>\n\n\n\n<div class=\"wp-block-column is-vertically-aligned-center is-layout-flow wp-block-column-is-layout-flow\">\n<h2 class=\"wp-block-heading\">From Idea to Product full support<\/h2>\n\n\n\n<p>Engineers and scientists of Talamus provide full support in all stages of the project. Talamus contributes to the planning of all processes starting from the creation of the idea, from feasibility analyses to the product.<\/p>\n\n\n\n<div class=\"wp-block-buttons is-layout-flex wp-block-buttons-is-layout-flex\">\n<div class=\"wp-block-button is-style-primary\"><a class=\"wp-block-button__link wp-element-button\" href=\"https:\/\/talamus.biyoreaktor.com\/tr\/from-idea-to-product-2\/\">More<\/a><\/div>\n<\/div>\n<\/div>\n<\/div>\n\n\n\n<div class=\"wp-block-columns is-layout-flex wp-container-13 wp-block-columns-is-layout-flex\">\n<div class=\"wp-block-column is-vertically-aligned-center is-layout-flow wp-block-column-is-layout-flow\"><div class=\"wp-block-image\">\n<figure class=\"aligncenter size-full\"><img decoding=\"async\" loading=\"lazy\" width=\"800\" height=\"798\" src=\"http:\/\/talamus.biyoreaktor.com\/wp-content\/uploads\/2023\/09\/scaleup1.jpg\" alt=\"\" class=\"wp-image-784\" srcset=\"https:\/\/talamus.biyoreaktor.com\/wp-content\/uploads\/2023\/09\/scaleup1.jpg 800w, https:\/\/talamus.biyoreaktor.com\/wp-content\/uploads\/2023\/09\/scaleup1-300x300.jpg 300w, https:\/\/talamus.biyoreaktor.com\/wp-content\/uploads\/2023\/09\/scaleup1-150x150.jpg 150w, https:\/\/talamus.biyoreaktor.com\/wp-content\/uploads\/2023\/09\/scaleup1-768x766.jpg 768w\" sizes=\"(max-width: 800px) 100vw, 800px\" \/><\/figure><\/div><\/div>\n\n\n\n<div class=\"wp-block-column is-vertically-aligned-center is-layout-flow wp-block-column-is-layout-flow\">\n<h2 class=\"wp-block-heading\">\u00d6l\u00e7ek B\u00fcy\u00fctme Stratejisi<\/h2>\n\n\n\n<p>Get the full support of our engineers and scientists in small and pilot-scale production processes to optimize production parameters.<\/p>\n\n\n\n<div class=\"wp-block-buttons is-layout-flex wp-block-buttons-is-layout-flex\">\n<div class=\"wp-block-button is-style-primary\"><a class=\"wp-block-button__link wp-element-button\">More<\/a><\/div>\n<\/div>\n<\/div>\n<\/div>\n\n\n\n<div class=\"wp-block-columns is-layout-flex wp-container-17 wp-block-columns-is-layout-flex\">\n<div class=\"wp-block-column is-vertically-aligned-center is-layout-flow wp-block-column-is-layout-flow\"><div class=\"wp-block-image\">\n<figure class=\"aligncenter size-full\"><img decoding=\"async\" loading=\"lazy\" width=\"800\" height=\"798\" src=\"http:\/\/talamus.biyoreaktor.com\/wp-content\/uploads\/2023\/09\/pilot.jpg\" alt=\"\" class=\"wp-image-786\" srcset=\"https:\/\/talamus.biyoreaktor.com\/wp-content\/uploads\/2023\/09\/pilot.jpg 800w, https:\/\/talamus.biyoreaktor.com\/wp-content\/uploads\/2023\/09\/pilot-300x300.jpg 300w, https:\/\/talamus.biyoreaktor.com\/wp-content\/uploads\/2023\/09\/pilot-150x150.jpg 150w, https:\/\/talamus.biyoreaktor.com\/wp-content\/uploads\/2023\/09\/pilot-768x766.jpg 768w\" sizes=\"(max-width: 800px) 100vw, 800px\" \/><\/figure><\/div><\/div>\n\n\n\n<div class=\"wp-block-column is-vertically-aligned-center is-layout-flow wp-block-column-is-layout-flow\">\n<h2 class=\"wp-block-heading\">Pilot \u00d6l\u00e7ek \u00dcretim<\/h2>\n\n\n\n<p>Safe and cost-effective pilot production is crucial to pre-commercial production. Talamus is with you in the planning and application of pilot production.<\/p>\n\n\n\n<div class=\"wp-block-buttons is-layout-flex wp-block-buttons-is-layout-flex\">\n<div class=\"wp-block-button is-style-primary\"><a class=\"wp-block-button__link wp-element-button\">More<\/a><\/div>\n<\/div>\n<\/div>\n<\/div>\n\n\n\n<div style=\"height:20px\" aria-hidden=\"true\" class=\"wp-block-spacer\"><\/div>\n\n\n\n<div class=\"wp-block-columns are-vertically-aligned-top is-layout-flex wp-container-25 wp-block-columns-is-layout-flex\">\n<div class=\"wp-block-column is-vertically-aligned-top is-layout-flow wp-block-column-is-layout-flow\">\n<div class=\"wp-block-cover\"><span aria-hidden=\"true\" class=\"wp-block-cover__background has-background-dim\"><\/span><img decoding=\"async\" loading=\"lazy\" width=\"800\" height=\"800\" class=\"wp-block-cover__image-background wp-image-761\" alt=\"\" src=\"http:\/\/talamus.biyoreaktor.com\/wp-content\/uploads\/2023\/09\/biofertiliser.jpg\" data-object-fit=\"cover\" srcset=\"https:\/\/talamus.biyoreaktor.com\/wp-content\/uploads\/2023\/09\/biofertiliser.jpg 800w, https:\/\/talamus.biyoreaktor.com\/wp-content\/uploads\/2023\/09\/biofertiliser-300x300.jpg 300w, https:\/\/talamus.biyoreaktor.com\/wp-content\/uploads\/2023\/09\/biofertiliser-150x150.jpg 150w, https:\/\/talamus.biyoreaktor.com\/wp-content\/uploads\/2023\/09\/biofertiliser-768x768.jpg 768w\" sizes=\"(max-width: 800px) 100vw, 800px\" \/><div class=\"wp-block-cover__inner-container is-layout-flow wp-block-cover-is-layout-flow\">\n<div class=\"wp-block-group is-vertical is-layout-flex wp-container-18 wp-block-group-is-layout-flex\">\n<p class=\"has-text-align-center ticss-e6a03952 has-nv-site-bg-color has-text-color has-large-font-size\"><a href=\"https:\/\/talamus.biyoreaktor.com\/tr\/biofertilizer\/\" data-type=\"link\" data-id=\"http:\/\/talamus.biyoreaktor.com\/biofertilizer\/\">Biyog\u00fcbre<\/a> <a href=\"https:\/\/talamus.biyoreaktor.com\/tr\/biofertilizer\/\" data-type=\"link\" data-id=\"http:\/\/talamus.biyoreaktor.com\/biofertilizer\/\">\u00dcretim<\/a><\/p>\n<\/div>\n<\/div><\/div>\n\n\n\n<div style=\"height:16px\" aria-hidden=\"true\" class=\"wp-block-spacer\"><\/div>\n\n\n\n<h3 class=\"wp-block-heading\">Biyog\u00fcbre<\/h3>\n\n\n\n<p>Biyog\u00fcbreler s\u00fcrd\u00fcr\u00fclebilir tar\u0131m i\u00e7in \u00f6nemlidir. Topra\u011f\u0131n verimlili\u011fini art\u0131r\u0131r, besin maddelerinin kullan\u0131labilirli\u011fini art\u0131r\u0131r, bitki b\u00fcy\u00fcmesini te\u015fvik eder ve bitkilerin toprak kaynakl\u0131 patojenlerden korunmas\u0131na yard\u0131mc\u0131 olurlar. \u00c7evre dostu ve uygun maliyetlidirler ve s\u00fcrekli kullan\u0131mlar\u0131 toprak verimlili\u011fini \u00f6nemli \u00f6l\u00e7\u00fcde art\u0131rarak onlar\u0131 modern tar\u0131m\u0131n \u00f6nemli bir par\u00e7as\u0131 haline getirir.<\/p>\n<\/div>\n\n\n\n<div class=\"wp-block-column is-vertically-aligned-top is-layout-flow wp-block-column-is-layout-flow\">\n<div class=\"wp-block-cover\"><span aria-hidden=\"true\" class=\"wp-block-cover__background has-background-dim\"><\/span><img decoding=\"async\" loading=\"lazy\" width=\"800\" height=\"800\" class=\"wp-block-cover__image-background wp-image-766\" alt=\"\" src=\"http:\/\/talamus.biyoreaktor.com\/wp-content\/uploads\/2023\/09\/probiotics-kopya.jpg\" data-object-fit=\"cover\" srcset=\"https:\/\/talamus.biyoreaktor.com\/wp-content\/uploads\/2023\/09\/probiotics-kopya.jpg 800w, https:\/\/talamus.biyoreaktor.com\/wp-content\/uploads\/2023\/09\/probiotics-kopya-300x300.jpg 300w, https:\/\/talamus.biyoreaktor.com\/wp-content\/uploads\/2023\/09\/probiotics-kopya-150x150.jpg 150w, https:\/\/talamus.biyoreaktor.com\/wp-content\/uploads\/2023\/09\/probiotics-kopya-768x768.jpg 768w\" sizes=\"(max-width: 800px) 100vw, 800px\" \/><div class=\"wp-block-cover__inner-container is-layout-flow wp-block-cover-is-layout-flow\">\n<p class=\"has-text-align-center ticss-0fa297c4 has-large-font-size\">Probiyotik \u00dcretimi<\/p>\n<\/div><\/div>\n\n\n\n<div style=\"height:16px\" aria-hidden=\"true\" class=\"wp-block-spacer\"><\/div>\n\n\n\n<h3 class=\"wp-block-heading\">Probiyotik<\/h3>\n\n\n\n<p>Probiyotikler, ba\u011f\u0131rsak sa\u011fl\u0131\u011f\u0131n\u0131 iyile\u015ftirdikleri, ba\u011f\u0131\u015f\u0131kl\u0131\u011f\u0131 art\u0131rd\u0131klar\u0131 ve \u00e7e\u015fitli hastal\u0131klar\u0131 \u00f6nlemeye yard\u0131mc\u0131 olduklar\u0131 i\u00e7in insan sa\u011fl\u0131\u011f\u0131 a\u00e7\u0131s\u0131ndan \u00f6nemlidir. Ferment\u00f6rler probiyotikleri uygun maliyetli ve verimli bir \u015fekilde \u00fcretmek i\u00e7in kullan\u0131l\u0131r ve fermente g\u0131dalarda probiyotik \u00fcretimi g\u0131da end\u00fcstrisinin \u00f6nemli bir y\u00f6n\u00fcd\u00fcr.<\/p>\n<\/div>\n\n\n\n<div class=\"wp-block-column is-vertically-aligned-top is-layout-flow wp-block-column-is-layout-flow\">\n<div class=\"wp-block-cover\"><span aria-hidden=\"true\" class=\"wp-block-cover__background has-background-dim\"><\/span><img decoding=\"async\" loading=\"lazy\" width=\"800\" height=\"800\" class=\"wp-block-cover__image-background wp-image-769\" alt=\"\" src=\"http:\/\/talamus.biyoreaktor.com\/wp-content\/uploads\/2023\/09\/enzyme1.jpg\" data-object-fit=\"cover\" srcset=\"https:\/\/talamus.biyoreaktor.com\/wp-content\/uploads\/2023\/09\/enzyme1.jpg 800w, https:\/\/talamus.biyoreaktor.com\/wp-content\/uploads\/2023\/09\/enzyme1-300x300.jpg 300w, https:\/\/talamus.biyoreaktor.com\/wp-content\/uploads\/2023\/09\/enzyme1-150x150.jpg 150w, https:\/\/talamus.biyoreaktor.com\/wp-content\/uploads\/2023\/09\/enzyme1-768x768.jpg 768w\" sizes=\"(max-width: 800px) 100vw, 800px\" \/><div class=\"wp-block-cover__inner-container is-layout-flow wp-block-cover-is-layout-flow\">\n<p class=\"has-text-align-center ticss-a0926860 has-large-font-size\">Enzim \u00dcretimi<\/p>\n<\/div><\/div>\n\n\n\n<div style=\"height:16px\" aria-hidden=\"true\" class=\"wp-block-spacer\"><\/div>\n\n\n\n<h3 class=\"wp-block-heading\">Enzim<\/h3>\n\n\n\n<p>Ferment\u00f6rlerde enzim \u00fcretimi g\u0131da, i\u00e7ecek ve ila\u00e7 dahil olmak \u00fczere \u00e7e\u015fitli end\u00fcstriler i\u00e7in \u00f6nemlidir. Fermantasyon teknolojimiz, \u00e7e\u015fitli proseslerin kalitesini ve verimlili\u011fini art\u0131rmak i\u00e7in kullan\u0131labilecek spesifik enzimlerin kontroll\u00fc ve verimli bir \u015fekilde \u00fcretilmesini sa\u011flar.<\/p>\n<\/div>\n<\/div>\n\n\n\n<div style=\"height:40px\" aria-hidden=\"true\" class=\"wp-block-spacer\"><\/div>","protected":false},"excerpt":{"rendered":"<p>From Idea to Product full support Engineers and scientists of Talamus provide full support in all stages of the project. Talamus contributes to the planning of all processes starting from the creation of the idea, from feasibility analyses to the product. Scale-up Strategy Get the full support of our engineers and scientists in small and&hellip;&nbsp;<a href=\"https:\/\/talamus.biyoreaktor.com\/tr\/\" class=\"\" rel=\"bookmark\">Daha fazlas\u0131n\u0131 oku &raquo;<span class=\"screen-reader-text\">Homepage<\/span><\/a><\/p>","protected":false},"author":1,"featured_media":0,"parent":0,"menu_order":0,"comment_status":"closed","ping_status":"closed","template":"","meta":{"neve_meta_sidebar":"full-width","neve_meta_container":"contained","neve_meta_enable_content_width":"on","neve_meta_content_width":100,"neve_meta_title_alignment":"","neve_meta_author_avatar":"","neve_post_elements_order":"","neve_meta_disable_header":"","neve_meta_disable_footer":"","neve_meta_disable_title":"on","_themeisle_gutenberg_block_has_review":false,"_ti_tpc_template_sync":false,"_ti_tpc_template_id":"98yl5t6s3nicwhomkrmc","footnotes":""},"_links":{"self":[{"href":"https:\/\/talamus.biyoreaktor.com\/tr\/wp-json\/wp\/v2\/pages\/46"}],"collection":[{"href":"https:\/\/talamus.biyoreaktor.com\/tr\/wp-json\/wp\/v2\/pages"}],"about":[{"href":"https:\/\/talamus.biyoreaktor.com\/tr\/wp-json\/wp\/v2\/types\/page"}],"author":[{"embeddable":true,"href":"https:\/\/talamus.biyoreaktor.com\/tr\/wp-json\/wp\/v2\/users\/1"}],"replies":[{"embeddable":true,"href":"https:\/\/talamus.biyoreaktor.com\/tr\/wp-json\/wp\/v2\/comments?post=46"}],"version-history":[{"count":32,"href":"https:\/\/talamus.biyoreaktor.com\/tr\/wp-json\/wp\/v2\/pages\/46\/revisions"}],"predecessor-version":[{"id":957,"href":"https:\/\/talamus.biyoreaktor.com\/tr\/wp-json\/wp\/v2\/pages\/46\/revisions\/957"}],"wp:attachment":[{"href":"https:\/\/talamus.biyoreaktor.com\/tr\/wp-json\/wp\/v2\/media?parent=46"}],"curies":[{"name":"wp","href":"https:\/\/api.w.org\/{rel}","templated":true}]}}